{"id":4299,"date":"2023-01-17T18:35:31","date_gmt":"2023-01-17T17:35:31","guid":{"rendered":"https:\/\/www.northern-explorers.com\/?page_id=4299"},"modified":"2025-04-27T17:00:08","modified_gmt":"2025-04-27T15:00:08","slug":"agb","status":"publish","type":"page","link":"https:\/\/www.northern-explorers.com\/de\/agb\/","title":{"rendered":"AGB"},"content":{"rendered":"<div id='av_section_1'  class='avia-section av-40wkiz-954af973aef47a68bf21415b28c32470 main_color avia-section-default avia-no-border-styling  avia-builder-el-0  avia-builder-el-no-sibling  avia-bg-style-scroll container_wrap fullsize'  ><div class='container av-section-cont-open' ><main  role=\"main\" itemprop=\"mainContentOfPage\"  class='template-page content  av-content-full alpha units'><div class='post-entry post-entry-type-page post-entry-4299'><div class='entry-content-wrapper clearfix'>\n\n<style type=\"text\/css\" data-created_by=\"avia_inline_auto\" id=\"style-css-av-23vsd7-481600370eb8d829ffc297b4b3bc3fb4\">\n.flex_column.av-23vsd7-481600370eb8d829ffc297b4b3bc3fb4{\nborder-radius:0px 0px 0px 0px;\npadding:0px 0px 0px 0px;\n}\n<\/style>\n<div  class='flex_column av-23vsd7-481600370eb8d829ffc297b4b3bc3fb4 av_one_full  avia-builder-el-1  avia-builder-el-no-sibling  first flex_column_div av-zero-column-padding  '     ><section  class='av_textblock_section av-ld0icmka-3b3b718c8a94bd179fec880eab0cee9b '   itemscope=\"itemscope\" itemtype=\"https:\/\/schema.org\/CreativeWork\" ><div class='avia_textblock'  itemprop=\"text\" ><header class=\"item_header\">\n<h2 style=\"text-align: center;\">AGB \u2013 ALLGEMEINE REISE- UND GESCH\u00c4FTSBEDINGUNGEN<\/h2>\n<h3 style=\"text-align: center;\">Northern Explorers AS<\/h3>\n<p style=\"text-align: center;\">Stand 10\/2024<\/p>\n<\/header>\n<h3 class=\"item_fulltext\">1. Abschluss des Reisevertrages<\/h3>\n<p class=\"item_fulltext\">1.1 Mit dem ausgef\u00fcllten und unterschriebenen Buchungsformular (Reiseanmeldung) wird Northern Explorers AS (nachfolgend Reiseveranstalter genannt) der Abschluss eines Reisevertrages angeboten. Mit unserer schriftlichen Best\u00e4tigung (per E-Mail) wird der Vertrag verbindlich.<\/p>\n<p class=\"item_fulltext\">1.2 Wenn die Vertragspartei in der Anmeldung f\u00fcr die Reise weitere Reiseteilnehmer anmeldet, so ist die Vertragspartei automatisch verantwortlich f\u00fcr alle daraus entstehenden Verpflichtungen, welche sich aus dem Vertrag und den allgemeinen Reise- und Gesch\u00e4ftsbedingungen des Reiseveranstalters ergeben, auch wenn diese andere Personen in der Anmeldung betreffen.<\/p>\n<p class=\"item_fulltext\">1.3 Die Vertragspartei muss uns die entsprechenden pers\u00f6nlichen Daten, welche f\u00fcr die Buchung ben\u00f6tigt werden, zustellen. Unrichtige oder unvoll- st\u00e4ndige Daten k\u00f6nnen zu fehlerhaften Buchungen von Flugtickets usw. f\u00fchren. Der Reiseveranstalter kann in solchen F\u00e4llen nicht verantwortlich gemacht werden.<\/p>\n<h3 class=\"item_fulltext\">2. Bezahlung<\/h3>\n<p class=\"item_fulltext\">2.1 Bei Vertragsabschluss wird sofort eine Anzahlung in der H\u00f6he von 30% des Reisepreises pro Person f\u00e4llig. Der Restbetrag ist ohne weitere Aufforderung zum auf der Rechnung genannten Termin vor Reisebeginn zu bezahlen.<\/p>\n<p class=\"item_fulltext\">2.2 Wenn die Vertragspartei eine Zahlung nicht leistet, wird der Reiseveranstalter eine schriftliche Erinnerung senden. Wenn auch nach dieser schriftlichen Erinnerung eine Zahlung ausbleibt, beh\u00e4lt sich der Reiseveranstalter das Recht vor, den Vertrag umgehend zu k\u00fcndigen. Er ist hierbei berechtigt, Stornierungsgeb\u00fchren zu erheben (siehe Punkt 6.1).<\/p>\n<h3 class=\"item_fulltext\">3. Leistungen<\/h3>\n<p class=\"item_fulltext\">3.1 Der Inhalt des Reisevertrages wird ausschlie\u00dflich durch die Beschreibungen, Abbildungen und Preisangaben in dem f\u00fcr den Reisezeitraum g\u00fcltigen Prospekt (oder Webseite) bestimmt. M\u00fcndliche Abreden, die im Gegensatz zu den Reisebedingungen und Leistungsbeschreibungen stehen, bed\u00fcrfen zu ihrer Wirksamkeit der Schriftform.<\/p>\n<p class=\"item_fulltext\">3.2 Die wesentlichen Inhalte der Reise sind in der Rechnung aufgelistet. Sollten nachweisbare und nicht kommunizierte Abweichungen zu Inklusiv- Leistungen zum Zeitpunkt der Buchung enthalten sein, hat der Reisende Anspruch auf \u00c4nderung der Rechnung.<\/p>\n<p class=\"item_fulltext\">3.3 Der Reiseveranstalter tr\u00e4gt weder Verantwortung f\u00fcr Fotos, Brosch\u00fcren und Werbematerial ver\u00f6ffentlicht von Dritten, noch f\u00fcr Versprechungen und \u201cSonderabsprachen\u201d zwischen dem Vertragspartner und einer dritten (vermittelnden) Partei.<\/p>\n<h3 class=\"item_fulltext\">4. Leistungs \u2013 und Preis\u00e4nderungen, Absage<\/h3>\n<p class=\"item_fulltext\">4.1 Abweichungen einzelner Reiseleistungen von dem vertraglich vereinbarten Inhalt des Reisevertrages, die nach Vertragsabschluss eingetreten und die nicht von uns wider Treu und Glauben herbeigef\u00fchrt wurden, sind gestattet soweit die Abweichungen nicht erheblich sind und den Gesamt- zuschnitt der gebuchten Reise nicht beeintr\u00e4chtigen.<\/p>\n<p class=\"item_fulltext\">4.2 Wir sind berechtigt, eine Reise bis 30 Tage vor Beginn abzusagen, wenn die Mindestteilnehmerzahl nicht erreicht wurde. In solch einem Fall werden wir der Vertragspartei eine andere Reise anbieten. Wenn die Vertragspartei diese Alternative nicht akzeptiert, werden eingezahlte Betr\u00e4ge voll zur\u00fcckerstattet, weitergehende Anspr\u00fcche sind dagegen ausgeschlossen.<\/p>\n<p class=\"item_fulltext\">4.3 Weiterhin sind wir im Falle unvorhergesehener Ereignisse und h\u00f6herer Gewalt (z.B. Naturkatastrophen, au\u00dfergew\u00f6hnliche Wetter- oder Eisbedingungen) berechtigt, eine Tour abzusagen. Wenn F\u00e4lle von h\u00f6herer Gewalt vor dem Abreisedatum auftreten, wird der gezahlte Reisepreis erstattet. Sollte es w\u00e4hrend einer Tour dazu kommen, werden wir versuchen, Alternativen anzubieten. Sollte dies unm\u00f6glich sein, so k\u00f6nnen entweder wir oder die Vertragspartei die Reise beenden. Die Vertragspartei ist in diesem Fall verantwortlich f\u00fcr m\u00f6gliche unvorhergesehene Kosten (z.B. Flugumbuchungen), wenn sie die Reise beendet.<\/p>\n<p class=\"item_fulltext\">4.4 Liegt der Reisetermin sp\u00e4ter als 4 Monate nach Vertragsabschluss, so sind wir berechtigt, eine Preiserh\u00f6hung vorzunehmen, wenn sie auf Umst\u00e4nden beruht, die erst nach Vertragsabschluss eingetreten sind und die unvorhersehbar waren; die Preiserh\u00f6hung muss sich im Rahmen der ver\u00e4nderten Umst\u00e4nde halten. \u00c4ndern sich Wechselkurse, beh\u00f6rdlich festgelegte Tarife, Geb\u00fchren oder Steuern, ist eine Anpassung der Preise jederzeit m\u00f6glich. Erh\u00f6ht sich der Reisepreis um mehr als 10%, so ist der Reisende berechtigt, ohne Zahlung einer Geb\u00fchr vom Vertrag zur\u00fcckzutreten. Der R\u00fccktritt muss uns unverz\u00fcglich schriftlich mitgeteilt werden.<\/p>\n<p class=\"item_fulltext\">4.5 Wenn es zu \u00c4nderungen im Reiseablauf wegen Wetter\u00e4nderungen, aus seem\u00e4nnischen Gr\u00fcnden oder auch wegen Packeisbewegungen kommt, so berechtigt dies nicht zu Schadenersatzanspr\u00fcchen gegen\u00fcber dem Reiseveranstalter. Ebenso ist dieser nicht verantwortlich f\u00fcr nicht erf\u00fcllte pers\u00f6nliche Erwartungen und falls einzelne (in der Reisebeschreibung genannte) Orte aus o.g. oder logistischen Gr\u00fcnden nicht besucht werden k\u00f6nnen.<\/p>\n<h3 class=\"item_fulltext\">5. Nicht in Anspruch genommene Leistungen<\/h3>\n<p class=\"item_fulltext\">Nimmt der Reisende Reiseleistungen ganz oder teilweise nicht in Anspruch, besteht kein Anspruch auf Erstattung des Gegenwertes durch den Reiseveranstalter.<\/p>\n<h3 class=\"item_fulltext\">6. R\u00fccktritt oder Umbuchung durch den Reisenden<\/h3>\n<p class=\"item_fulltext\">6.1 Der Reisende kann jederzeit vor Reisebeginn durch schriftliche Erkl\u00e4rung von der Reise zur\u00fccktreten. Ma\u00dfgeblich f\u00fcr die Berechnung des Stornosatzes ist, auch bei telefonischer Stornierung, der Eingang der schriftlichen R\u00fccktrittserkl\u00e4rung bei uns. In solchen F\u00e4llen sind wir berechtigt, folgenden Anteil des totalen Reisepreises einzubehalten:<\/p>\n<p class=\"item_fulltext\">Individualreisen\/Gruppenreisen<br \/>\n&#8211; bis einschlie\u00dflich 180 Tage vor Reisebeginn 30% zzgl. 150\u20ac Bearbeitungsgeb\u00fchr pro Person<br \/>\n&#8211; ab 179 Tage und bis einschlie\u00dflich 90 Tage vor Reisebeginn 60% zzgl. 150\u20ac Bearbeitungsgeb\u00fchr pro Person<br \/>\n&#8211; ab 89 Tage und bis einschlie\u00dflich Reisebeginn 100% ohne Bearbeitungsgeb\u00fchr<\/p>\n<p class=\"item_fulltext\">Vollcharterbuchungen<br \/>\nWird die gesamte Tour storniert, gelten dieselben Stornobedingungen wie f\u00fcr Individualreisen bzw. im Falle von gesonderten Stornobedingungen diese lt. letztg\u00fcltiger Rechnung. Werden nur einzelne Personen storniert und keine Ersatzperson genannt, so fallen ab dem Erhalt der Buchungsbest\u00e4tigung 100% Stornokosten f\u00fcr diese Person an, da es sich um eine Vollcharterbuchung und keinen Einzelplatz handelt.<\/p>\n<p class=\"item_fulltext\">6.2 Umbuchungen gelten als R\u00fccktritt mit nachfolgender Neuanmeldung. Es fallen folgende Bearbeitungspauschalen an:<br \/>\n&#8211; Umbuchung auf eine andere Destination: 250\u20ac pro Person plus evtl. Preisdifferenz<br \/>\n&#8211; Umbuchung auf einen anderen Reisetermin derselben Tour: 150\u20ac pro Person plus evtl. Preisdifferenz<\/p>\n<h3 class=\"item_fulltext\">7. Mitwirkungspflicht des Reisenden<\/h3>\n<p class=\"item_fulltext\">7.1 Jeder Reisende ist verpflichtet, den Anweisungen des Reiseveranstalters und deren Reiseleitung Folge zu leisten.<\/p>\n<p class=\"item_fulltext\">7.2 Bei Zuwiderhandlungen, welche zu St\u00f6rungen oder auch Gef\u00e4hrdungen der eigenen Person, der Mitreisenden oder den Guides f\u00fchren k\u00f6nnen, wird die Vertragspartei vom Reiseveranstalter oder in dessen Namen von der weiteren Reise oder bestimmten Aktivit\u00e4ten ausgeschlossen. Dies berechtigt nicht zu einer Minderung des Reisepreises.<\/p>\n<p class=\"item_fulltext\">7.3 Sollte eine solche St\u00f6rung des Ablaufes durch Missachtung von Anweisungen seitens des Reisenden erfolgen, so hat der Reisende alle hieraus entstehenden Kosten zu tragen.<\/p>\n<p class=\"item_fulltext\">7.4 Auch kann der Reisende von Tauch- und anderen Aktivit\u00e4ten ausgeschlossen werden, wenn er\/sie hierf\u00fcr nicht \u00fcber die geeignete Tauchausr\u00fcstung oder Ausbildung (wie vom Reiseveranstalter in der Reisebeschreibung verlangt) verf\u00fcgt. Dies berechtigt ebenfalls nicht zu einer Minderung des Reisepreises.<\/p>\n<h3 class=\"item_fulltext\">8. Tauchen und andere Aktivit\u00e4ten<\/h3>\n<p class=\"item_fulltext\">8.1 Alle gebuchten Leistungen und Aktivit\u00e4ten, z.B. der Aufenthalt auf Schiffen, Schnorcheltauchen und Tauchen mit Ger\u00e4t, finden zu 100% auf eigenes Risiko statt. Der Reiseveranstalter ist nicht verantwortlich f\u00fcr Sch\u00e4den, Verletzungen, Erkrankungen oder Todesf\u00e4lle.<\/p>\n<p class=\"item_fulltext\">8.2 Wenn der Reisende an Tauch- oder Schnorchelaktivit\u00e4ten teilnimmt, wird der Reiseveranstalter bzw. ein Guide an Bord des Schiffes den Reisenden dazu auffordern, einen Haftungsausschluss zu unterzeichnen, welcher best\u00e4tigt, dass der Reisende auf eigenes Risiko handelt.<\/p>\n<p class=\"item_fulltext\">8.3 In jedem Fall muss der Reisende ein g\u00fcltiges Gesundheitszeugnis (unterzeichnet von einem Arzt) mit sich f\u00fchren und ist dem Reise- veranstalter auf Verlangen vorzuzeigen; ebenso eine Kopie des international g\u00fcltigen Nachweises zur Tauchausbildung (Tauchschein).<\/p>\n<p class=\"item_fulltext\">8.4 Die von uns angebotenen Reisen sind oft Expeditionen in abgelegene Gebiete mit stark eingeschr\u00e4nkter Infrastruktur und ohne medizinische Einrichtungen. Bei der Buchung einer solchen Tour muss sich die Vertragspartei dar\u00fcber im Klaren sein, dass es sich um keinen Pauschalurlaub handelt.<\/p>\n<h3 class=\"item_fulltext\">9. Haftung des Reiseveranstalters<\/h3>\n<p class=\"item_fulltext\">9.1 Wenn der Reiseveranstalter gem\u00e4\u00df der Punkte 4.2 oder 4.3 dazu gezwungen ist, eine Reise zu stornieren, so wird lediglich der bereits bezahlte Reisepreis an die Vertragspartei erstattet. Der Reiseveranstalter ist nicht verantwortlich f\u00fcr andere Kosten im Zusammenhang mit der Reise.<\/p>\n<p class=\"item_fulltext\">9.2 Der Reiseveranstalter haftet im Rahmen der Sorgfaltspflicht eines ordentlichen Kaufmanns. Er ist verpflichtet, die Reise so zu erbringen, dass Sie die zugesicherten Eigenschaften hat und nicht mit Fehlern behaftet ist, die den Wert oder die Tauglichkeit zu dem gew\u00f6hnlichen oder nach dem Vertrag vorausgesetzten Nutzen aufgeben oder mindern.<\/p>\n<p class=\"item_fulltext\">9.3 Gesetzliche Haftungsbeschr\u00e4nkung und Verj\u00e4hrung: die Haftung des Reiseveranstalters ist abgeschlossen oder beschr\u00e4nkt, soweit aufgrund gesetzlicher Vorschriften, die auf die von einem Leistungstr\u00e4ger zu erbringenden Leistungen anzuwenden sind, dessen Haftung ebenfalls ausgeschlossen oder beschr\u00e4nkt ist.<\/p>\n<p class=\"item_fulltext\">9.4 Vertragliche Haftungsbeschr\u00e4nkung: Die Haftung des Reiseveranstalters ist auf die H\u00f6he des 3-fachen Reisepreises beschr\u00e4nkt soweit ein Schaden des Reisenden vom Reiseveranstalter weder vors\u00e4tzlich noch grob fahrl\u00e4ssig herbeigef\u00fchrt wird.<\/p>\n<p class=\"item_fulltext\">9.5 Der Reiseveranstalter haftet nicht f\u00fcr Leistungsst\u00f6rungen im Zusammenhang mit Leistungen, die als Fremdleistungen lediglich vermittelt werden (z.B. Fl\u00fcge, Hotels, Ausfl\u00fcge etc.) und die in Reisebeschreibung oder in der Rechnung als Fremdleistungen bzw. &#8222;Nicht enthaltene Leistungen&#8220; gekennzeichnet werden.<\/p>\n<p class=\"item_fulltext\">9.6 Die Teilnahme an Schnorchel- und Tauchprogrammen erfolgt ausdr\u00fccklich auf eigene Gefahr.<\/p>\n<p class=\"item_fulltext\">9.7 Die Abtretung von Reiseanspr\u00fcchen gegen den Reiseveranstalter, deren Rechtsgrund in Leistungsst\u00f6rungen liegt, ist ausgeschlossen.<\/p>\n<h3 class=\"item_fulltext\">10. Versicherung<\/h3>\n<p class=\"item_fulltext\">Der Abschluss einer Reisekostenausfall-, Reisegep\u00e4ck-, Reiseunfall- und Reisekrankenversicherung wird dringend empfohlen. Der Reiseveranstalter haftet nicht f\u00fcr Sch\u00e4den, die dem Reisenden aufgrund einer fehlenden Versicherung entstehen. F\u00fcr Taucher ist das Vorhandensein oder der Abschluss einer Versicherung, die im Falle eines Tauchunfalls die anfallenden Kosten \u00fcbernimmt (z.B. DAN, Aquamed, DiveAssure), verpflichtend.<\/p>\n<h3 class=\"item_fulltext\">11. Pass-, Visa-, Zoll-, Devisen-, Impf- und Gesundheitsvorschriften<\/h3>\n<p class=\"item_fulltext\">F\u00fcr die Einhaltung der Pass, Visa-, Zoll, Devisen-, Impf- und Gesundheitsvorschriften ist jeder Reisende selbst verantwortlich. Alle Nachteile, die aus der Nichtbefolgung dieser Vorschriften erwachsen, gehen zu seinen Lasten, auch wenn diese Vorschriften nach der Buchung der Reise ge\u00e4ndert werden.<\/p>\n<h3 class=\"item_fulltext\">12. Unwirksamkeit einzelner Bestimmungen<\/h3>\n<p class=\"item_fulltext\">Die Unwirksamkeit einzelner Bestimmungen des Reisevertrages hat nicht die Unwirksamkeit des gesamten Reisevertrages zu Folge.<\/p>\n<h3 class=\"item_fulltext\">13. Allgemeines<\/h3>\n<p class=\"item_fulltext\">13.1 Alle Angaben in unseren Flyern und Internetseiten entsprechen dem Stand der Drucklegung.<\/p>\n<p class=\"item_fulltext\">13.2 Die Berichtigung von Irrt\u00fcmern sowie von Druck- und Rechenfehlern bleibt vorbehalten.<\/p>\n<p class=\"item_fulltext\">13.3 Alle personenbezogenen Daten, die dem Reiseveranstalter zur Verf\u00fcgung gestellt werden, sind gem\u00e4\u00df &#8222;personopplysningsloven&#8220; gegen jegliche missbr\u00e4uchliche Verwendung gesch\u00fctzt.<\/p>\n<p class=\"item_fulltext\">13.4 Tritt die Northern Explorers AS nur als Vermittler auf, so gelten zus\u00e4tzlich zu unseren AGB die Reisebedingungen des vermittelten und auf der Rechnung namentlich genannten Veranstalters.<\/p>\n<h3 class=\"item_fulltext\">14. Leistungs- und Erf\u00fcllungsort sowie Gerichtsstand ist der Firmensitz der<br \/>\nNorthern Explorers AS<br \/>\nVedskogmyra 25<br \/>\n7777 Nord-Statland<br \/>\nNorwegen<\/h3>\n<\/div><\/section><\/div>\n","protected":false},"excerpt":{"rendered":"","protected":false},"author":2,"featured_media":0,"parent":0,"menu_order":0,"comment_status":"closed","ping_status":"closed","template":"","meta":{"footnotes":""},"class_list":["post-4299","page","type-page","status-publish","hentry"],"yoast_head":"<!-- This site is optimized with the Yoast SEO plugin v27.2 - https:\/\/yoast.com\/product\/yoast-seo-wordpress\/ -->\n<title>AGB | Northern Explorers<\/title>\n<meta name=\"robots\" content=\"index, follow, max-snippet:-1, max-image-preview:large, max-video-preview:-1\" \/>\n<link rel=\"canonical\" href=\"https:\/\/www.northern-explorers.com\/de\/agb\/\" \/>\n<meta property=\"og:locale\" content=\"de_DE\" \/>\n<meta property=\"og:type\" content=\"article\" \/>\n<meta property=\"og:title\" content=\"AGB | Northern Explorers\" \/>\n<meta property=\"og:url\" content=\"https:\/\/www.northern-explorers.com\/de\/agb\/\" \/>\n<meta property=\"og:site_name\" content=\"Northern Explorers\" \/>\n<meta property=\"article:modified_time\" content=\"2025-04-27T15:00:08+00:00\" \/>\n<meta name=\"twitter:card\" content=\"summary_large_image\" \/>\n<meta name=\"twitter:label1\" content=\"Gesch\u00e4tzte Lesezeit\" \/>\n\t<meta name=\"twitter:data1\" content=\"9\u00a0Minuten\" \/>\n<script type=\"application\/ld+json\" class=\"yoast-schema-graph\">{\"@context\":\"https:\/\/schema.org\",\"@graph\":[{\"@type\":\"WebPage\",\"@id\":\"https:\/\/www.northern-explorers.com\/de\/agb\/\",\"url\":\"https:\/\/www.northern-explorers.com\/de\/agb\/\",\"name\":\"AGB | Northern Explorers\",\"isPartOf\":{\"@id\":\"https:\/\/www.northern-explorers.com\/de\/#website\"},\"datePublished\":\"2023-01-17T17:35:31+00:00\",\"dateModified\":\"2025-04-27T15:00:08+00:00\",\"breadcrumb\":{\"@id\":\"https:\/\/www.northern-explorers.com\/de\/agb\/#breadcrumb\"},\"inLanguage\":\"de\",\"potentialAction\":[{\"@type\":\"ReadAction\",\"target\":[\"https:\/\/www.northern-explorers.com\/de\/agb\/\"]}]},{\"@type\":\"BreadcrumbList\",\"@id\":\"https:\/\/www.northern-explorers.com\/de\/agb\/#breadcrumb\",\"itemListElement\":[{\"@type\":\"ListItem\",\"position\":1,\"name\":\"Startseite\",\"item\":\"https:\/\/www.northern-explorers.com\/de\/startseite\/\"},{\"@type\":\"ListItem\",\"position\":2,\"name\":\"AGB\"}]},{\"@type\":\"WebSite\",\"@id\":\"https:\/\/www.northern-explorers.com\/de\/#website\",\"url\":\"https:\/\/www.northern-explorers.com\/de\/\",\"name\":\"Northern Explorers\",\"description\":\"\",\"potentialAction\":[{\"@type\":\"SearchAction\",\"target\":{\"@type\":\"EntryPoint\",\"urlTemplate\":\"https:\/\/www.northern-explorers.com\/de\/?s={search_term_string}\"},\"query-input\":{\"@type\":\"PropertyValueSpecification\",\"valueRequired\":true,\"valueName\":\"search_term_string\"}}],\"inLanguage\":\"de\"}]}<\/script>\n<!-- \/ Yoast SEO plugin. -->","yoast_head_json":{"title":"AGB | Northern Explorers","robots":{"index":"index","follow":"follow","max-snippet":"max-snippet:-1","max-image-preview":"max-image-preview:large","max-video-preview":"max-video-preview:-1"},"canonical":"https:\/\/www.northern-explorers.com\/de\/agb\/","og_locale":"de_DE","og_type":"article","og_title":"AGB | Northern Explorers","og_url":"https:\/\/www.northern-explorers.com\/de\/agb\/","og_site_name":"Northern Explorers","article_modified_time":"2025-04-27T15:00:08+00:00","twitter_card":"summary_large_image","twitter_misc":{"Gesch\u00e4tzte Lesezeit":"9\u00a0Minuten"},"schema":{"@context":"https:\/\/schema.org","@graph":[{"@type":"WebPage","@id":"https:\/\/www.northern-explorers.com\/de\/agb\/","url":"https:\/\/www.northern-explorers.com\/de\/agb\/","name":"AGB | Northern Explorers","isPartOf":{"@id":"https:\/\/www.northern-explorers.com\/de\/#website"},"datePublished":"2023-01-17T17:35:31+00:00","dateModified":"2025-04-27T15:00:08+00:00","breadcrumb":{"@id":"https:\/\/www.northern-explorers.com\/de\/agb\/#breadcrumb"},"inLanguage":"de","potentialAction":[{"@type":"ReadAction","target":["https:\/\/www.northern-explorers.com\/de\/agb\/"]}]},{"@type":"BreadcrumbList","@id":"https:\/\/www.northern-explorers.com\/de\/agb\/#breadcrumb","itemListElement":[{"@type":"ListItem","position":1,"name":"Startseite","item":"https:\/\/www.northern-explorers.com\/de\/startseite\/"},{"@type":"ListItem","position":2,"name":"AGB"}]},{"@type":"WebSite","@id":"https:\/\/www.northern-explorers.com\/de\/#website","url":"https:\/\/www.northern-explorers.com\/de\/","name":"Northern Explorers","description":"","potentialAction":[{"@type":"SearchAction","target":{"@type":"EntryPoint","urlTemplate":"https:\/\/www.northern-explorers.com\/de\/?s={search_term_string}"},"query-input":{"@type":"PropertyValueSpecification","valueRequired":true,"valueName":"search_term_string"}}],"inLanguage":"de"}]}},"_links":{"self":[{"href":"https:\/\/www.northern-explorers.com\/de\/wp-json\/wp\/v2\/pages\/4299","targetHints":{"allow":["GET"]}}],"collection":[{"href":"https:\/\/www.northern-explorers.com\/de\/wp-json\/wp\/v2\/pages"}],"about":[{"href":"https:\/\/www.northern-explorers.com\/de\/wp-json\/wp\/v2\/types\/page"}],"author":[{"embeddable":true,"href":"https:\/\/www.northern-explorers.com\/de\/wp-json\/wp\/v2\/users\/2"}],"replies":[{"embeddable":true,"href":"https:\/\/www.northern-explorers.com\/de\/wp-json\/wp\/v2\/comments?post=4299"}],"version-history":[{"count":8,"href":"https:\/\/www.northern-explorers.com\/de\/wp-json\/wp\/v2\/pages\/4299\/revisions"}],"predecessor-version":[{"id":14238,"href":"https:\/\/www.northern-explorers.com\/de\/wp-json\/wp\/v2\/pages\/4299\/revisions\/14238"}],"wp:attachment":[{"href":"https:\/\/www.northern-explorers.com\/de\/wp-json\/wp\/v2\/media?parent=4299"}],"curies":[{"name":"wp","href":"https:\/\/api.w.org\/{rel}","templated":true}]}}