{"id":48,"date":"2020-11-27T14:13:50","date_gmt":"2020-11-27T13:13:50","guid":{"rendered":"https:\/\/www.northern-explorers.com\/?page_id=48"},"modified":"2021-07-21T10:49:44","modified_gmt":"2021-07-21T08:49:44","slug":"datenschutz","status":"publish","type":"page","link":"https:\/\/www.northern-explorers.com\/de\/datenschutz\/","title":{"rendered":"Datenschutz"},"content":{"rendered":"<div id='av_section_1'  class='avia-section av-1d9yg-88ac251e801b2346e5b2784e2260661c main_color avia-section-default avia-no-border-styling  avia-builder-el-0  avia-builder-el-no-sibling  avia-bg-style-scroll container_wrap fullsize'  ><div class='container av-section-cont-open' ><main  role=\"main\" itemprop=\"mainContentOfPage\"  class='template-page content  av-content-full alpha units'><div class='post-entry post-entry-type-page post-entry-48'><div class='entry-content-wrapper clearfix'>\n\n<style type=\"text\/css\" data-created_by=\"avia_inline_auto\" id=\"style-css-av-vqpg-8f02dd1235210f55000994d391fd7bc0\">\n.flex_column.av-vqpg-8f02dd1235210f55000994d391fd7bc0{\nborder-radius:0px 0px 0px 0px;\npadding:0px 0px 0px 0px;\n}\n<\/style>\n<div  class='flex_column av-vqpg-8f02dd1235210f55000994d391fd7bc0 av_one_full  avia-builder-el-1  avia-builder-el-no-sibling  first flex_column_div av-zero-column-padding  '     ><section  class='av_textblock_section av-kl6lt2el-739db68bbf4f7a5b53cdbec75660269d '   itemscope=\"itemscope\" itemtype=\"https:\/\/schema.org\/CreativeWork\" ><div class='avia_textblock'  itemprop=\"text\" ><header class=\"item_header\">\n<h1 class=\"item_title heading-style-3 visible-first\"><span class=\"item_title_part0 item_title_part_odd item_title_part_first_half item_title_part_first\">Datenschutzerkl\u00e4rung<\/span><\/h1>\n<\/header>\n<div class=\"item_fulltext\">\n<h2><strong>Verantwortlichkeit<\/strong><\/h2>\n<p>In dieser Datenschutzerkl\u00e4rung wird erl\u00e4utert, wie wir personenbezogene Daten in unserem Unternehmen sammeln und verwenden (verarbeiten). Northern Explorers AS ist \u00fcber den Gesch\u00e4ftsf\u00fchrer f\u00fcr die Behandlung verantwortlich.<\/p>\n<p><strong>NB! Es ist nicht gestattet, Text aus dieser Datenschutzerkl\u00e4rung zu kopieren, vgl. <a href=\"https:\/\/lovdata.no\/dokument\/NL\/lov\/2018-06-15-40\">Urheberrechtsgesetz<\/a>. <\/strong><\/p>\n<p>Unsere Kontaktinformationen sind:<br \/>\nNorthern Explorers AS<br \/>\nVedskogmyra 25<br \/>\n7777 Nord-Statland<br \/>\nNorwegen<\/p>\n<p>Steuernummer: NO 998 813 530 MVA<\/p>\n<p>E-Mail: <a href=\"mailto:anja@northern-explorers.com\">anja@northern-explorers.com<\/a><\/p>\n<p><strong>Wir nehmen Deine Privatsph\u00e4re ernst und haben verschiedene Schritte unternommen, um sicherzustellen, dass Du klare Informationen dar\u00fcber erh\u00e4ltst, wie wir Deine Daten verarbeiten und welche Rechte Du hast. Wenn Du der Meinung bist, dass etwas unklar ist oder fehlt, kontaktiere uns bitte.<\/strong><\/p>\n<h2>Deine Rechte<\/h2>\n<p>Kontaktiere uns, wenn Du Fragen zu einem Deiner Rechte hast oder dieses aus\u00fcben m\u00f6chtest. Du hast Anspruch auf eine Antwort innerhalb von sp\u00e4testens 30 Tagen. Weitere Informationen findest Du auf den Seiten der norwegischen Datenaufsichtsbeh\u00f6rde <a href=\"https:\/\/www.datatilsynet.no\/rettigheter-og-plikter\/den-registrertes-rettigheter\/\">Datatilsynet<\/a>.<\/p>\n<p>Zugriff auf und Korrektur Deiner eigenen Informationen: Du kannst eine Kopie aller Informationen anfordern, die wir \u00fcber Dich verarbeiten, und uns bitten, nicht korrekte Informationen zu korrigieren.<\/p>\n<ul>\n<li>L\u00f6schen oder Einschr\u00e4nken: In einigen Situationen kannst Du uns auffordern, die Verarbeitung von Informationen \u00fcber Dich selbst zu l\u00f6schen und\/oder einzuschr\u00e4nken. Wir k\u00f6nnen jedoch keine Daten l\u00f6schen, die wir verarbeiten m\u00fcssen.<\/li>\n<li>Protest gegen eine Behandlung: Wenn wir Informationen \u00fcber Dich aufgrund eines berechtigten Interesses verarbeiten, hast Du das Recht, dagegen zu protestieren.<\/li>\n<li>Daten\u00fcbertragbarkeit: Wenn wir Informationen \u00fcber Dich auf der Grundlage einer Einwilligung oder eines Vertrags verarbeiten, kannst Du uns bitten, Informationen \u00fcber Dich an Dich oder einen anderen f\u00fcr die Datenverarbeitung Verantwortlichen zu \u00fcbertragen.<\/li>\n<li>Du hast auch das Recht, Deine Einwilligung jederzeit zu widerrufen.<\/li>\n<li>Wenn Du mit der Verarbeitung Deiner Daten nicht zufrieden bist, kannst Du Dich bei der Datenaufsichtbeh\u00f6rde beschweren. Wir hoffen jedoch, dass Du Dich zuerst direkt bei uns meldest, damit wir versuchen k\u00f6nnen, den Fall f\u00fcr Dich auf zufriedenstellende Weise zu l\u00f6sen.<\/li>\n<\/ul>\n<h2><strong>\u00dcber wen wir personenbezogene Daten verarbeiten<\/strong><\/h2>\n<p>Wir verarbeiten personenbezogene Daten von:<\/p>\n<ul>\n<li>Kunden<\/li>\n<li>Potenziellen Kunden<\/li>\n<li>Ansprechpartnern bei Lieferanten und Partnern<\/li>\n<li>Besuchern der Website<\/li>\n<\/ul>\n<\/div>\n<div class=\"item_fulltext\">\n<h2><strong>Wie wir personenbezogene Daten sammeln<\/strong><\/h2>\n<p>Es ist freiwillig, uns personenbezogene Daten zur Verf\u00fcgung zu stellen. Um eine Transaktion abzuschlie\u00dfen, ben\u00f6tigen wir jedoch eine Reihe von Informationen von Dir. Wir vermieten, kaufen oder verkaufen keine pers\u00f6nlichen Daten von\/an Dritte. Wir verwenden keine automatisierten Entscheidungen oder Profil-<br \/>\nerstellungen bei der Verarbeitung Deiner personenbezogenen Daten und verarbeiten keine speziellen Kategorien personenbezogener Daten, die \u00fcber das hinausgehen, was in einem normalen Arbeits- bzw. Kundenverh\u00e4ltnis gilt.<\/p>\n<p>Wir verarbeiten Deine personenbezogene Daten in folgenden F\u00e4llen:<\/p>\n<ul>\n<li>Kauf unserer Produkte\/Dienstleistungen<\/li>\n<li>Kontaktierung per Telefon, SMS, via unsere Webseite, E-Mail oder \u00fcber soziale Medien<\/li>\n<li>Anmeldung f\u00fcr den Newsletter<\/li>\n<li>Nutzung unserer Homepage<\/li>\n<\/ul>\n<h2><strong>Zweck, Rechtsgrundlage und Speicherung<\/strong><\/h2>\n<p>Gem\u00e4\u00df Artikel 6 Absatz 1 der Datenschutzverordnung verarbeiten wir personenbezogene Daten auf der Grundlage von:<\/p>\n<p>a) Deiner Zustimmung<\/p>\n<p>b) einer Vereinbarung, die wir geschlossen haben.<\/p>\n<p>c) einer rechtlichen Verpflichtung, die wir haben.<\/p>\n<p>f) eines berechtigten Interesses, von dem wir glauben, dass wir es haben.<\/p>\n<p>Personenbezogene Daten d\u00fcrfen in der Regel nicht l\u00e4nger als bis zur Erf\u00fcllung des Verarbeitungszwecks erforderlich, verarbeitet und gespeichert werden.<\/p>\n<p>Wir bewahren Daten so lange auf, wie wir dies gem\u00e4\u00df den geltenden gesetzlichen Verpflichtungen tun m\u00fcssen, z.B. im Zusammenhang mit Buchhaltungs-, Steuer- oder Arbeitsgesetzen und\/oder anderen relevanten Regeln und Vorschriften. Du kannst uns jederzeit kontaktieren, wenn Du m\u00f6chtest, dass wir Deine personenbezogenen Daten nicht mehr verarbeiten oder l\u00f6schen sollen. Bitte beachte jedoch, dass wir personenbezogene Daten, zu deren Verarbeitung wir gesetzlich verpflichtet sind, nicht l\u00f6schen k\u00f6nnen.<\/p>\n<h2><strong>So verarbeiten wir personenbezogene Daten<\/strong><\/h2>\n<p>Hier beschreiben wir detailliert, wann und wie wir Ihre personenbezogenen Daten zu welchen Zwecken, auf welcher Rechtsgrundlage und wie lange verarbeiten.<\/p>\n<p>Wir verarbeiten personenbezogene Daten, wenn:<\/p>\n<h3><strong>Du mit uns kommunizierst<\/strong><\/h3>\n<p>Wenn Du uns eine Visitenkarte gegeben, in Listen eintragen lassen hast oder uns \u00fcber die Webseite (Kontaktformular, Kommentarfeld, Chat oder \u00e4hnliches), per E-Mail, Telefon (Anruf, SMS) oder \u00fcber soziale Medien kontaktierst, verarbeiten wir personenbezogene Daten. Je nachdem, wie Du uns kontaktierst, k\u00f6nnen dies Dein Name, Deine Kontaktinformationen, Deine IP-Adresse und andere Informationen sein, die an uns gesendet werden.<\/p>\n<p>Zweck ist es, in der Lage zu sein, auf Anfragen von Dir zu antworten und Unterlagen zu haben, falls wir Beschwerden, Reklamationen oder rechtliche Anspr\u00fcche erhalten. Die Rechtsgrundlage ist f), wenn das berechtigte Interesse darin besteht, auf Anfragen von Dir zu antworten, \u00fcber die Vorgeschichte zu verf\u00fcgen und Unterlagen zu haben, falls wir Beschwerden, Reklamationen oder Rechtsanspr\u00fcche erhalten. Wir pr\u00fcfen, archivieren und l\u00f6schen Anfragen nach Bedarf, jedoch nicht seltener als alle 5 Jahre. Buchhaltungsmaterial wird gem\u00e4\u00df den Regeln des Rechnungslegungsgesetzes bis zu f\u00fcnf Jahre gelagert.<\/p>\n<h3><strong>Du unsere Produkte und Dienstleistungen kaufst<\/strong><\/h3>\n<p>Wenn Du Produkte und Dienstleistungen bei uns kaufst, verarbeiten wir personenbezogene Daten wie Name, Kontaktinformationen, Bestell- und Zahlungsinformationen sowie Kaufhistorie.<\/p>\n<p>Der Zweck besteht darin, Dir nach der Bestellung\/dem Kauf die entsprechenden Produkte und Dienstleistungen liefern zu k\u00f6nnen, eine Historie der verkauften Produkte und Dienstleistungen zu haben und auf andere Weise die Kundenbeziehung mit Dir zu verwalten und zu verfolgen. Die Rechtsgrundlage ist b) Vereinbarung und c) rechtliche Verpflichtung u.a. gem\u00e4\u00df Rechnungslegungs- und Steuergesetz. Buchhaltungsmaterial wird gem\u00e4\u00df den Regeln des Rechnungslegungsgesetzes bis zu f\u00fcnf Jahre gelagert.<\/p>\n<h3><strong>Wir Marketing in bestehenden Kundenbeziehungen betreiben<br \/>\n<\/strong><\/h3>\n<p>Wenn Du bei uns Kunde wirst, verarbeiten wir personenbezogene Daten wie oben beschrieben. Wenn Du bereits eine Kundenbeziehung zu uns hast, k\u00f6nnen wir Dir Marketingmaterial gem\u00e4\u00df dem Marketinggesetz \u00a7 15 per E-Mail zusenden.<\/p>\n<p>Ziel ist es, einen guten Kundenservice bieten zu k\u00f6nnen. Rechtsgrundlage ist f), wenn die berechtigten Interessen darin bestehen, Dir relevante Produkte und Dienstleistungen anbieten zu k\u00f6nnen. Die Rechtsgrundlage kann auch a) sein, wenn Du uns Deine Zustimmung gegeben hast. Du kannst das E-Mail-Marketing jederzeit abbestellen. Informationen zum Abbestellen findest Du in allen von uns gesendeten E-Mails, die sich auf Marketing beziehen. Die Informationen werden so lange aufbewahrt, wie die Kundenbeziehung besteht, bis Du Dich abmeldest oder Du gegen die Verarbeitung protestierst.<\/p>\n<h3><strong>Du Dich f\u00fcr den Newsletter anmeldest<\/strong><\/h3>\n<p>Wir versenden Newsletter per E-Mail mit Informationen \u00fcber neue Reisen, Angebote, allgemeine Informationen \u00fcber das Unternehmen und dergleichen. Wenn Du den Newsletter abonnierst, verarbeiten wir pers\u00f6nliche Informationen wie Name, Kontaktinformationen und IP-Adresse.<\/p>\n<p>Ziel ist es, \u00fcber relevante Neuigkeiten und Angebote informieren zu k\u00f6nnen sowie potenziellen und bestehenden Kunden einen guten Kundenservice zu bieten. Rechtsgrundlage ist a) Zustimmung. Das Abonnieren des Newsletters ist freiwillig, und Du kannst Deine Einwilligung jederzeit widerrufen (Abbestellen), indem Du unten in einer der E-Mails auf &#8222;Abbestellen&#8220; klickst. Deine E-Mailadresse wird dann innerhalb von 2 Monaten gel\u00f6scht.<\/p>\n<p>Der Anbieter, mit dem wir Newsletter versenden, verf\u00fcgt \u00fcber eine integrierte Analyse, die zeigt, dass Abonnenten Links in den Newslettern \u00f6ffnen und m\u00f6glicherweise draufklicken. Diese Funktionalit\u00e4t ist in das System integriert und kann nicht deaktiviert werden. Wenn Du nicht m\u00f6chtest, dass Deine Daten auf diese Weise analysiert werden, solltest Du kein Abonnent werden. Wir verwenden die Daten, um die Ergebnisse der Newsletter zu analysieren und den Inhalt auf unsere Abonnenten zuzuschneiden. Rechtsgrundlage ist f), wenn das berechtigte Interesse darin besteht, unsere Produkte und Dienstleistungen kontinuierlich zu verbessern.<\/p>\n<h3><strong>Du unsere Website nutzt<\/strong><\/h3>\n<p>Wenn Du unsere Website nutzt, verarbeiten wir personenbezogene Daten gem\u00e4\u00df unserer Cookie-Erkl\u00e4rung. [INSERT LINK] Der Zweck besteht darin, unsere Website zu verwalten, das Unternehmen zu bewerben und auf Anfragen von Besuchern zu antworten. Die Rechtsgrundlage f\u00fcr Cookies, die Informationen speichern oder verarbeiten, die unter das Gesetz \u00fcber elektronische Kommunikation \u00a7 2-7b fallen, ist die Zustimmung durch eine Voreinstellung in Deinem Browser gem\u00e4\u00df den hier beschriebenen Empfehlungen von <a href=\"https:\/\/www.nkom.no\/internett\/informasjonskapsler-cookies\">Nkom<\/a> (November 2020).<\/p>\n<h2><strong>Mit wem wir personenbezogene Daten teilen<\/strong><\/h2>\n<p>Um unser Gesch\u00e4ft effizient und sicher zu betreiben, m\u00fcssen wir Deine pers\u00f6nlichen Daten manchmal an Dritte weitergeben, z.B.<\/p>\n<ul>\n<li>Datenverarbeiter: Anbieter verschiedener Dienste, die Deine personenbezogenen Daten in unserem Auftrag verarbeiten*<\/li>\n<li>Professionelle Berater aus Branchen wie Recht, Finanzen, Rechnungswesen, Wirtschaftspr\u00fcfung und Versicherungen<\/li>\n<li>Unterst\u00fctzung f\u00fcr IT- und Administrationssysteme<\/li>\n<li>Beh\u00f6rden, denen wir Bericht erstatten m\u00fcssen<\/li>\n<\/ul>\n<p>Wir fordern, dass jeder, mit dem wir Deine pers\u00f6nlichen Daten teilen, Deine Daten in \u00dcbereinstimmung mit einer guten Informationssicherheit und in \u00dcbereinstimmung mit den Anforderungen der Datenschutzverordnung sch\u00fctzt. Wir schlie\u00dfen mit jedem, der Daten in unserem Namen verarbeitet, eine Datenverarbeitungsvereinbarung und bei Bedarf Vertraulichkeitserkl\u00e4rungen ab.<\/p>\n<p>* Wir verwenden Datenverarbeitungsanbieter f\u00fcr:<\/p>\n<ul>\n<li>E-Mail, Kalender und digitale Besprechungen<\/li>\n<li>Buchhaltung, Abrechnung und Rechnungsstellung<\/li>\n<li>Newsletter<\/li>\n<\/ul>\n<p>Aus Sicherheitsgr\u00fcnden haben wir diese Anbieter nicht namentlich angegeben, Du kannst uns jedoch gerne kontaktieren, wenn Du mehr wissen m\u00f6chtest.<\/p>\n<h2><strong>\u00dcbermittlung personenbezogener Daten au\u00dferhalb der EU\/des EWR<\/strong><\/h2>\n<p>In einigen F\u00e4llen werden Deine pers\u00f6nlichen Daten au\u00dferhalb der EU\/des EWR \u00fcbertragen, beispielsweise wenn wir Lieferanten au\u00dferhalb der EU\/des EWR verwenden, um den Versand von Newslettern abzuwickeln, Kundeninformationen zu verarbeiten, Produkte und Dienstleistungen auf unserer Website verf\u00fcgbar zu machen und Zahlungen zu erm\u00f6glichen, um die Sicherheit auf unserer Website zu gew\u00e4hrleisten und um unser Gesch\u00e4ft auf sichere und effiziente Weise betreiben zu k\u00f6nnen. Die Weitergabe personenbezogener Daten au\u00dferhalb der EU\/des EWR ist nur in von der EU-Kommission genehmigte L\u00e4nder oder im Rahmen der nach der Datenschutzverordnung erforderlichen Garantien gestattet. Dies k\u00f6nnen beispielsweise die Standardvertr\u00e4ge der EU sein.<\/p>\n<p>Aus Sicherheitsgr\u00fcnden haben wir diese nicht namentlich angegeben. Nimm Kontakt mit uns auf, wenn Du mehr dar\u00fcber erfahren m\u00f6chtest, welche derartigen Datenverarbeiter wir verwenden, welche erforderlichen Garantien f\u00fcr eine solche \u00dcbertragung gelten und welche zus\u00e4tzlichen Sicherheitsma\u00dfnahmen wir implementiert haben.<\/p>\n<h2><strong>Sicherheit<\/strong><\/h2>\n<p>Wir nehmen die Informationssicherheit ernst und werden stets unser M\u00f6glichstes tun, um Deine pers\u00f6nlichen Daten bestm\u00f6glich zu sch\u00fctzen. Unter anderem verwenden wir starke Passw\u00f6rter und Back-ups, um unsere Daten zu sch\u00fctzen und Unbefugten den Zugriff auf die von uns gespeicherten Daten, einschlie\u00dflich Deiner pers\u00f6nlichen Daten, zu verhindern, diese zu \u00e4ndern, zu l\u00f6schen oder in irgendeiner Weise zu beeinflussen.<\/p>\n<p>Wir verwenden nur seri\u00f6se Anbieter von IT- und Administrationsdiensten wie Webhosting, Website- und PC-Sicherheit, Virensoftware, E-Mail-Anbieter, Backup und mehr. Wir erlauben anderen nur, gem\u00e4\u00df unseren Anweisungen auf Deine pers\u00f6nlichen Daten zuzugreifen und\/oder diese zu verarbeiten, und dies nur, wenn dies unbedingt erforderlich ist (z. B. durch IT-Support).<\/p>\n<p>Wir haben Routinen f\u00fcr die Behandlung von Verst\u00f6\u00dfen gegen die Datensicherheit festgelegt und senden im Falle von Verst\u00f6\u00dfen innerhalb von 72 Stunden nach Feststellung des Versto\u00dfes einen Bericht \u00fcber Verst\u00f6\u00dfe an die norwegische Datenschutzbeh\u00f6rde <a href=\"https:\/\/www.datatilsynet.no\">Datatilsynet<\/a>. Wenn die Verletzung ein hohes Datenschutzrisiko mit sich bringt, werden wir auch die davon betroffenen Personen benachrichtigen.<\/p>\n<p><strong>Diese Datenschutzerkl\u00e4rung wurde zuletzt aktualisiert am: 02.05.2021<\/strong><\/p>\n<p><strong>NB! Es ist nicht gestattet, Text aus dieser Datenschutzerkl\u00e4rung zu kopieren, vgl. <a href=\"https:\/\/lovdata.no\/dokument\/NL\/lov\/2018-06-15-40\">Urheberrechtsgesetz<\/a>.<\/strong><\/p>\n<\/div>\n<h2>Plugins und Tools<\/h2>\n<h3>Google reCAPTCHA<\/h3>\n<p>Wir nutzen \u201eGoogle reCAPTCHA\u201c (im Folgenden \u201ereCAPTCHA\u201c) auf dieser Website. Anbieter ist die Google Ireland Limited (\u201eGoogle\u201c), Gordon House, Barrow Street, Dublin 4, Irland.<\/p>\n<p>Mit reCAPTCHA soll \u00fcberpr\u00fcft werden, ob die Dateneingabe auf dieser Website (z. B. in einem Kontaktformular) durch einen Menschen oder durch ein automatisiertes Programm erfolgt. Hierzu analysiert reCAPTCHA das Verhalten des Websitebesuchers anhand verschiedener Merkmale. Diese Analyse beginnt automatisch, sobald der Websitebesucher die Website betritt. Zur Analyse wertet reCAPTCHA verschiedene Informationen aus (z. B. IP-Adresse, Verweildauer des Websitebesuchers auf der Website oder vom Nutzer get\u00e4tigte Mausbewegungen). Die bei der Analyse erfassten Daten werden an Google weitergeleitet.<\/p>\n<p>Die reCAPTCHA-Analysen laufen vollst\u00e4ndig im Hintergrund. Websitebesucher werden nicht darauf hingewiesen, dass eine Analyse stattfindet.<\/p>\n<p>Die Speicherung und Analyse der Daten erfolgt auf Grundlage von Art. 6 Abs. 1 lit. f DSGVO. Der Websitebetreiber hat ein berechtigtes Interesse daran, seine Webangebote vor missbr\u00e4uchlicher automatisierter Aussp\u00e4hung und vor SPAM zu sch\u00fctzen. Sofern eine entsprechende Einwilligung abgefragt wurde, erfolgt die Verarbeitung ausschlie\u00dflich auf Grundlage von Art. 6 Abs. 1 lit. a DSGVO; die Einwilligung ist jederzeit widerrufbar.<\/p>\n<p>Weitere Informationen zu Google reCAPTCHA entnehmen Sie den Google-Datenschutzbestimmungen und den Google Nutzungsbedingungen unter folgenden Links: <a href=\"https:\/\/policies.google.com\/privacy?hl=de\">https:\/\/policies.google.com\/privacy?hl=de<\/a> und <a href=\"https:\/\/policies.google.com\/terms?hl=de\">https:\/\/policies.google.com\/terms?hl=de<\/a>.<\/p>\n<\/div><\/section><\/div>\n","protected":false},"excerpt":{"rendered":"","protected":false},"author":1,"featured_media":0,"parent":0,"menu_order":0,"comment_status":"closed","ping_status":"closed","template":"","meta":{"footnotes":""},"class_list":["post-48","page","type-page","status-publish","hentry"],"yoast_head":"<!-- This site is optimized with the Yoast SEO plugin v27.2 - https:\/\/yoast.com\/product\/yoast-seo-wordpress\/ -->\n<title>Datenschutz | Northern Explorers<\/title>\n<meta name=\"robots\" content=\"index, follow, max-snippet:-1, max-image-preview:large, max-video-preview:-1\" \/>\n<link rel=\"canonical\" href=\"https:\/\/www.northern-explorers.com\/de\/datenschutz\/\" \/>\n<meta property=\"og:locale\" content=\"de_DE\" \/>\n<meta property=\"og:type\" content=\"article\" \/>\n<meta property=\"og:title\" content=\"Datenschutz | Northern Explorers\" \/>\n<meta property=\"og:url\" content=\"https:\/\/www.northern-explorers.com\/de\/datenschutz\/\" \/>\n<meta property=\"og:site_name\" content=\"Northern Explorers\" \/>\n<meta property=\"article:modified_time\" content=\"2021-07-21T08:49:44+00:00\" \/>\n<meta name=\"twitter:card\" content=\"summary_large_image\" \/>\n<meta name=\"twitter:label1\" content=\"Gesch\u00e4tzte Lesezeit\" \/>\n\t<meta name=\"twitter:data1\" content=\"8\u00a0Minuten\" \/>\n<script type=\"application\/ld+json\" class=\"yoast-schema-graph\">{\"@context\":\"https:\/\/schema.org\",\"@graph\":[{\"@type\":\"WebPage\",\"@id\":\"https:\/\/www.northern-explorers.com\/de\/datenschutz\/\",\"url\":\"https:\/\/www.northern-explorers.com\/de\/datenschutz\/\",\"name\":\"Datenschutz | Northern Explorers\",\"isPartOf\":{\"@id\":\"https:\/\/www.northern-explorers.com\/de\/#website\"},\"datePublished\":\"2020-11-27T13:13:50+00:00\",\"dateModified\":\"2021-07-21T08:49:44+00:00\",\"breadcrumb\":{\"@id\":\"https:\/\/www.northern-explorers.com\/de\/datenschutz\/#breadcrumb\"},\"inLanguage\":\"de\",\"potentialAction\":[{\"@type\":\"ReadAction\",\"target\":[\"https:\/\/www.northern-explorers.com\/de\/datenschutz\/\"]}]},{\"@type\":\"BreadcrumbList\",\"@id\":\"https:\/\/www.northern-explorers.com\/de\/datenschutz\/#breadcrumb\",\"itemListElement\":[{\"@type\":\"ListItem\",\"position\":1,\"name\":\"Startseite\",\"item\":\"https:\/\/www.northern-explorers.com\/de\/startseite\/\"},{\"@type\":\"ListItem\",\"position\":2,\"name\":\"Datenschutz\"}]},{\"@type\":\"WebSite\",\"@id\":\"https:\/\/www.northern-explorers.com\/de\/#website\",\"url\":\"https:\/\/www.northern-explorers.com\/de\/\",\"name\":\"Northern Explorers\",\"description\":\"\",\"potentialAction\":[{\"@type\":\"SearchAction\",\"target\":{\"@type\":\"EntryPoint\",\"urlTemplate\":\"https:\/\/www.northern-explorers.com\/de\/?s={search_term_string}\"},\"query-input\":{\"@type\":\"PropertyValueSpecification\",\"valueRequired\":true,\"valueName\":\"search_term_string\"}}],\"inLanguage\":\"de\"}]}<\/script>\n<!-- \/ Yoast SEO plugin. -->","yoast_head_json":{"title":"Datenschutz | Northern Explorers","robots":{"index":"index","follow":"follow","max-snippet":"max-snippet:-1","max-image-preview":"max-image-preview:large","max-video-preview":"max-video-preview:-1"},"canonical":"https:\/\/www.northern-explorers.com\/de\/datenschutz\/","og_locale":"de_DE","og_type":"article","og_title":"Datenschutz | Northern Explorers","og_url":"https:\/\/www.northern-explorers.com\/de\/datenschutz\/","og_site_name":"Northern Explorers","article_modified_time":"2021-07-21T08:49:44+00:00","twitter_card":"summary_large_image","twitter_misc":{"Gesch\u00e4tzte Lesezeit":"8\u00a0Minuten"},"schema":{"@context":"https:\/\/schema.org","@graph":[{"@type":"WebPage","@id":"https:\/\/www.northern-explorers.com\/de\/datenschutz\/","url":"https:\/\/www.northern-explorers.com\/de\/datenschutz\/","name":"Datenschutz | Northern Explorers","isPartOf":{"@id":"https:\/\/www.northern-explorers.com\/de\/#website"},"datePublished":"2020-11-27T13:13:50+00:00","dateModified":"2021-07-21T08:49:44+00:00","breadcrumb":{"@id":"https:\/\/www.northern-explorers.com\/de\/datenschutz\/#breadcrumb"},"inLanguage":"de","potentialAction":[{"@type":"ReadAction","target":["https:\/\/www.northern-explorers.com\/de\/datenschutz\/"]}]},{"@type":"BreadcrumbList","@id":"https:\/\/www.northern-explorers.com\/de\/datenschutz\/#breadcrumb","itemListElement":[{"@type":"ListItem","position":1,"name":"Startseite","item":"https:\/\/www.northern-explorers.com\/de\/startseite\/"},{"@type":"ListItem","position":2,"name":"Datenschutz"}]},{"@type":"WebSite","@id":"https:\/\/www.northern-explorers.com\/de\/#website","url":"https:\/\/www.northern-explorers.com\/de\/","name":"Northern Explorers","description":"","potentialAction":[{"@type":"SearchAction","target":{"@type":"EntryPoint","urlTemplate":"https:\/\/www.northern-explorers.com\/de\/?s={search_term_string}"},"query-input":{"@type":"PropertyValueSpecification","valueRequired":true,"valueName":"search_term_string"}}],"inLanguage":"de"}]}},"_links":{"self":[{"href":"https:\/\/www.northern-explorers.com\/de\/wp-json\/wp\/v2\/pages\/48","targetHints":{"allow":["GET"]}}],"collection":[{"href":"https:\/\/www.northern-explorers.com\/de\/wp-json\/wp\/v2\/pages"}],"about":[{"href":"https:\/\/www.northern-explorers.com\/de\/wp-json\/wp\/v2\/types\/page"}],"author":[{"embeddable":true,"href":"https:\/\/www.northern-explorers.com\/de\/wp-json\/wp\/v2\/users\/1"}],"replies":[{"embeddable":true,"href":"https:\/\/www.northern-explorers.com\/de\/wp-json\/wp\/v2\/comments?post=48"}],"version-history":[{"count":12,"href":"https:\/\/www.northern-explorers.com\/de\/wp-json\/wp\/v2\/pages\/48\/revisions"}],"predecessor-version":[{"id":4302,"href":"https:\/\/www.northern-explorers.com\/de\/wp-json\/wp\/v2\/pages\/48\/revisions\/4302"}],"wp:attachment":[{"href":"https:\/\/www.northern-explorers.com\/de\/wp-json\/wp\/v2\/media?parent=48"}],"curies":[{"name":"wp","href":"https:\/\/api.w.org\/{rel}","templated":true}]}}