{"id":88,"date":"2020-11-30T10:30:05","date_gmt":"2020-11-30T09:30:05","guid":{"rendered":"https:\/\/www.northern-explorers.com\/?page_id=88"},"modified":"2021-06-01T17:01:52","modified_gmt":"2021-06-01T15:01:52","slug":"ueber-uns","status":"publish","type":"page","link":"https:\/\/www.northern-explorers.com\/de\/ueber-uns\/","title":{"rendered":"\u00dcber uns"},"content":{"rendered":"\n<style type=\"text\/css\" data-created_by=\"avia_inline_auto\" id=\"style-css-av-kkf5r2y3-f369b9d930d1ac42bad981efb3bbd6e8\">\n.avia-section.av-kkf5r2y3-f369b9d930d1ac42bad981efb3bbd6e8{\nbackground-color:#ffffff;\nbackground-image:url(https:\/\/www.northern-explorers.com\/wp-content\/uploads\/2021\/04\/Groenland_Winter9-scaled.jpg);\nbackground-repeat:no-repeat;\nbackground-position:0% 0%;\nbackground-attachment:scroll;\n}\n.avia-section.av-kkf5r2y3-f369b9d930d1ac42bad981efb3bbd6e8 .av-section-color-overlay{\nopacity:0.1;\nbackground-color:#0a0a0a;\n}\n<\/style>\n<div id='av_section_1'  class='avia-section av-kkf5r2y3-f369b9d930d1ac42bad981efb3bbd6e8 main_color avia-section-huge avia-no-border-styling  avia-builder-el-0  el_before_av_section  avia-builder-el-first  avia-full-stretch avia-bg-style-scroll av-section-color-overlay-active container_wrap fullsize'  data-section-bg-repeat='stretch'><div class=\"av-section-color-overlay-wrap\"><div class=\"av-section-color-overlay\"><\/div><div class='container av-section-cont-open' ><main  role=\"main\" itemprop=\"mainContentOfPage\"  class='template-page content  av-content-full alpha units'><div class='post-entry post-entry-type-page post-entry-88'><div class='entry-content-wrapper clearfix'>\n\n<style type=\"text\/css\" data-created_by=\"avia_inline_auto\" id=\"style-css-av-kkfh96b0-498a30538b5d7492f4479aa27d848e2d\">\n.flex_column.av-kkfh96b0-498a30538b5d7492f4479aa27d848e2d{\nborder-radius:0px 0px 0px 0px;\npadding:0px 0px 0px 0px;\n}\n<\/style>\n<div  class='flex_column av-kkfh96b0-498a30538b5d7492f4479aa27d848e2d av_one_third  avia-builder-el-1  avia-builder-el-no-sibling  tour-title-row first flex_column_div av-zero-column-padding  '     ><style type=\"text\/css\" data-created_by=\"avia_inline_auto\" id=\"style-css-av-kkf5rwc7-b0bc0dbe3af9cf6b70ebd599294b00cf\">\n#top .av_textblock_section.av-kkf5rwc7-b0bc0dbe3af9cf6b70ebd599294b00cf .avia_textblock{\ncolor:#ffffff;\n}\n<\/style>\n<section  class='av_textblock_section av-kkf5rwc7-b0bc0dbe3af9cf6b70ebd599294b00cf '   itemscope=\"itemscope\" itemtype=\"https:\/\/schema.org\/CreativeWork\" ><div class='avia_textblock line-height-085em text-size-80 av_inherit_color'  itemprop=\"text\" ><h1>\u00dcber uns<\/h1>\n<\/div><\/section><\/div><\/div><\/div><\/main><!-- close content main element --><\/div><\/div><\/div><div id='av_section_2'  class='avia-section av-kl6n1o7a-637b637e0e568ebff01e55edc8f2add2 main_color avia-section-default avia-no-border-styling  avia-builder-el-3  el_after_av_section  el_before_av_section  avia-bg-style-scroll container_wrap fullsize'  ><div class='container av-section-cont-open' ><div class='template-page content  av-content-full alpha units'><div class='post-entry post-entry-type-page post-entry-88'><div class='entry-content-wrapper clearfix'>\n\n<style type=\"text\/css\" data-created_by=\"avia_inline_auto\" id=\"style-css-av-1nqrg-25a17cdb0adfe6a17e43d863c7195b77\">\n.flex_column.av-1nqrg-25a17cdb0adfe6a17e43d863c7195b77{\nborder-radius:0px 0px 0px 0px;\npadding:0px 0px 0px 0px;\n}\n<\/style>\n<div  class='flex_column av-1nqrg-25a17cdb0adfe6a17e43d863c7195b77 av_one_full  avia-builder-el-4  el_before_av_one_half  avia-builder-el-first  first flex_column_div av-zero-column-padding  '     ><section  class='av_textblock_section av-kl6n33mw-a703d16843fa52a561565ff9e6070386 '   itemscope=\"itemscope\" itemtype=\"https:\/\/schema.org\/CreativeWork\" ><div class='avia_textblock'  itemprop=\"text\" ><h2>Northern Explorers ist der kompetente Partner, wenn es um Tauchen und Expeditionen in arktische und subarktische Regionen geht.<\/h2>\n<\/div><\/section><\/div>\n<style type=\"text\/css\" data-created_by=\"avia_inline_auto\" id=\"style-css-av-kpe4y2y4-779976c722832432a497b4582aeb9b13\">\n#top .flex_column.av-kpe4y2y4-779976c722832432a497b4582aeb9b13{\nmargin-top:0px;\nmargin-bottom:0px;\n}\n.flex_column.av-kpe4y2y4-779976c722832432a497b4582aeb9b13{\nborder-radius:0px 0px 0px 0px;\npadding:0px 0px 0px 0px;\n}\n.responsive #top #wrap_all .flex_column.av-kpe4y2y4-779976c722832432a497b4582aeb9b13{\nmargin-top:0px;\nmargin-bottom:0px;\n}\n<\/style>\n<div  class='flex_column av-kpe4y2y4-779976c722832432a497b4582aeb9b13 av_one_half  avia-builder-el-6  el_after_av_one_full  el_before_av_one_half  first flex_column_div av-zero-column-padding  column-top-margin'     ><section  class='av_textblock_section av-kpe4x38x-2e66f25029e89982ef2188868eb9de3c '   itemscope=\"itemscope\" itemtype=\"https:\/\/schema.org\/CreativeWork\" ><div class='avia_textblock'  itemprop=\"text\" ><p>Konsequent haben wir uns seit \u00fcber 20 Jahren auf diese faszinierenden, aber auch herausfordernden Gebiete spezialisiert.<\/p>\n<p>Wir bieten organisierte Touren bei der unsere Erfahrungen ebenso wie unsere Flexibilit\u00e4t und unser Engagement Erlebnis, Zuverl\u00e4ssigkeit und Sicherheit ebenso gew\u00e4hrleisten, wie auch W\u00fcnsche und Vorstellung unserer Kunden bestm\u00f6glich umzusetzen.<\/p>\n<p>Besonders wenn es um Foto- und Filmprojekte, erlebnisreiche Naturexpeditionen, Tauchen in arktischen Gew\u00e4ssern und Wildlife geht sind wir der richtige Ansprechpartner. Zudem unterst\u00fctzen wir regelm\u00e4\u00dfig auch wissenschaftliche Projekte und bieten \u201eScoutingtouren\u201c an, bei denen es darum geht Gebiete zu erkunden die bisher kaum besucht und nie betaucht wurden.<\/p>\n<\/div><\/section><\/div>\n<style type=\"text\/css\" data-created_by=\"avia_inline_auto\" id=\"style-css-av-av_one_half-49f6e875884219cf77c24341e550af53\">\n#top .flex_column.av-av_one_half-49f6e875884219cf77c24341e550af53{\nmargin-top:0px;\nmargin-bottom:0px;\n}\n.flex_column.av-av_one_half-49f6e875884219cf77c24341e550af53{\nborder-radius:0px 0px 0px 0px;\npadding:0px 0px 0px 0px;\n}\n.responsive #top #wrap_all .flex_column.av-av_one_half-49f6e875884219cf77c24341e550af53{\nmargin-top:0px;\nmargin-bottom:0px;\n}\n<\/style>\n<div  class='flex_column av-av_one_half-49f6e875884219cf77c24341e550af53 av_one_half  avia-builder-el-8  el_after_av_one_half  avia-builder-el-last  flex_column_div av-zero-column-padding  column-top-margin'     ><section  class='av_textblock_section av-kpe4xc12-03e44df9c17d629d345063ca0d10a03c '   itemscope=\"itemscope\" itemtype=\"https:\/\/schema.org\/CreativeWork\" ><div class='avia_textblock'  itemprop=\"text\" ><p>Zu unseren Kunden z\u00e4hlen unter anderem National Geographic (USA), BBC, Disney+, Nautilus Film, ZDF, NDR\/Doclights, Museum of Natural History New York, Greenpeace und einige der bekanntesten Naturfotografen.<\/p>\n<p>Mit einem Netzwerk lokaler Guides, sowie auch unserer Mitarbeiter an unserem Hauptstandort in Norwegen, k\u00f6nnen wir sowohl \u201eim Feld\u201c als auch bei der Organisation im Vorfeld der Expedition eine optimale Betreuung gew\u00e4hrleisten.<\/p>\n<p>Zudem sind alle Touren auf kleine Gruppen von im Schnitt f\u00fcnf bis zehn Teilnehmern ausgelegt \u2013 individuelle und private Erlebnisse, abseits ausgetretener Pfade.<\/p>\n<p>Fragen zu unseren Touren oder eigene Ideen und Projekte? Wir sind f\u00fcr Euch da!<\/p>\n<\/div><\/section><\/div><\/div><\/div><\/div><!-- close content main div --><\/div><\/div><div id='av_section_3'  class='avia-section av-av_section-e20e11b232c33ea52312394292f0d9a7 main_color avia-section-default avia-no-border-styling  avia-builder-el-10  el_after_av_section  avia-builder-el-last  avia-bg-style-scroll container_wrap fullsize'  ><div class='container av-section-cont-open' ><div class='template-page content  av-content-full alpha units'><div class='post-entry post-entry-type-page post-entry-88'><div class='entry-content-wrapper clearfix'>\n<div class='flex_column_table av-av_one_half-1d7a191295b59b2e4a61f3ad50de3ea0 sc-av_one_half av-equal-height-column-flextable'>\n<style type=\"text\/css\" data-created_by=\"avia_inline_auto\" id=\"style-css-av-av_one_half-1d7a191295b59b2e4a61f3ad50de3ea0\">\n.flex_column.av-av_one_half-1d7a191295b59b2e4a61f3ad50de3ea0{\nborder-radius:0px 0px 0px 0px;\npadding:0px 0px 0px 0px;\n}\n<\/style>\n<div  class='flex_column av-av_one_half-1d7a191295b59b2e4a61f3ad50de3ea0 av_one_half  avia-builder-el-11  el_before_av_one_half  avia-builder-el-first  first flex_column_table_cell av-equal-height-column av-align-middle av-zero-column-padding  '     ><style type=\"text\/css\" data-created_by=\"avia_inline_auto\" id=\"style-css-av-av_image-fbc3d32753b92173bf6a3a25e99388af\">\n.avia-image-container.av-av_image-fbc3d32753b92173bf6a3a25e99388af img.avia_image{\nbox-shadow:none;\n}\n.avia-image-container.av-av_image-fbc3d32753b92173bf6a3a25e99388af .av-image-caption-overlay-center{\ncolor:#ffffff;\n}\n<\/style>\n<div  class='avia-image-container av-av_image-fbc3d32753b92173bf6a3a25e99388af av-styling- avia-align-center  avia-builder-el-12  avia-builder-el-no-sibling '   itemprop=\"image\" itemscope=\"itemscope\" itemtype=\"https:\/\/schema.org\/ImageObject\" ><div class=\"avia-image-container-inner\"><div class=\"avia-image-overlay-wrap\"><img decoding=\"async\" fetchpriority=\"high\" class='wp-image-1758 avia-img-lazy-loading-not-1758 avia_image ' src=\"https:\/\/www.northern-explorers.com\/wp-content\/uploads\/2021\/02\/anja-scaled.jpg\" alt='' title='anja'  height=\"1707\" width=\"2560\"  itemprop=\"thumbnailUrl\" srcset=\"https:\/\/www.northern-explorers.com\/wp-content\/uploads\/2021\/02\/anja-scaled.jpg 2560w, https:\/\/www.northern-explorers.com\/wp-content\/uploads\/2021\/02\/anja-300x200.jpg 300w, https:\/\/www.northern-explorers.com\/wp-content\/uploads\/2021\/02\/anja-1030x687.jpg 1030w, https:\/\/www.northern-explorers.com\/wp-content\/uploads\/2021\/02\/anja-768x512.jpg 768w, https:\/\/www.northern-explorers.com\/wp-content\/uploads\/2021\/02\/anja-1536x1024.jpg 1536w, https:\/\/www.northern-explorers.com\/wp-content\/uploads\/2021\/02\/anja-2048x1365.jpg 2048w, https:\/\/www.northern-explorers.com\/wp-content\/uploads\/2021\/02\/anja-1500x1000.jpg 1500w, https:\/\/www.northern-explorers.com\/wp-content\/uploads\/2021\/02\/anja-705x470.jpg 705w\" sizes=\"(max-width: 2560px) 100vw, 2560px\" \/><\/div><\/div><\/div><\/div><div class='av-flex-placeholder'><\/div>\n<style type=\"text\/css\" data-created_by=\"avia_inline_auto\" id=\"style-css-av-av_one_half-49f6e875884219cf77c24341e550af53\">\n.flex_column.av-av_one_half-49f6e875884219cf77c24341e550af53{\nborder-radius:0px 0px 0px 0px;\npadding:0px 0px 0px 0px;\n}\n<\/style>\n<div  class='flex_column av-av_one_half-49f6e875884219cf77c24341e550af53 av_one_half  avia-builder-el-13  el_after_av_one_half  el_before_av_one_half  flex_column_table_cell av-equal-height-column av-align-middle av-zero-column-padding  '     ><section  class='av_textblock_section av-knivtesg-34cba515e5ddf23cb385222bc51f8e14 '   itemscope=\"itemscope\" itemtype=\"https:\/\/schema.org\/CreativeWork\" ><div class='avia_textblock'  itemprop=\"text\" ><header class=\"item_header\">\n<h4 class=\"item_title heading-style-4 visible visible-first\"><span class=\"item_title_part0 item_title_part_odd item_title_part_first_half item_title_part_first\">Anja<\/span> <span class=\"item_title_part1 item_title_part_even item_title_part_second_half\">Dietze<\/span><\/h4>\n<div class=\"item_introtext\">\n<div class=\"item_introtext\">\n<p>Anja ist die Gesch\u00e4ftsf\u00fchrerin und war f\u00fcr verschiedene Fernsehsender t\u00e4tig, bevor sie begann, sich voll Northern Explorers zu widmen.<\/p>\n<p>Sie ist vor allem Ansprechpartnerin, wenn es um Organisation und (An-)Reiseplanung geht.<\/p>\n<p>Anja hat Taucherfahrungen auf Expeditionen in Norwegen, Gr\u00f6nland, Russland und Island gesammelt und spricht Deutsch, Norwegisch und Englisch.<\/p>\n<\/div>\n<\/div>\n<\/header>\n<\/div><\/section><\/div><\/div><!--close column table wrapper. Autoclose: 1 --><div class='flex_column_table av-av_one_half-1d7a191295b59b2e4a61f3ad50de3ea0 sc-av_one_half av-equal-height-column-flextable'>\n<style type=\"text\/css\" data-created_by=\"avia_inline_auto\" id=\"style-css-av-av_one_half-1d7a191295b59b2e4a61f3ad50de3ea0\">\n.flex_column.av-av_one_half-1d7a191295b59b2e4a61f3ad50de3ea0{\nborder-radius:0px 0px 0px 0px;\npadding:0px 0px 0px 0px;\n}\n<\/style>\n<div  class='flex_column av-av_one_half-1d7a191295b59b2e4a61f3ad50de3ea0 av_one_half  avia-builder-el-15  el_after_av_one_half  el_before_av_one_half  first flex_column_table_cell av-equal-height-column av-align-middle av-zero-column-padding  column-top-margin'     ><style type=\"text\/css\" data-created_by=\"avia_inline_auto\" id=\"style-css-av-av_image-2f39beba368ca99da48ed65799026697\">\n.avia-image-container.av-av_image-2f39beba368ca99da48ed65799026697 img.avia_image{\nbox-shadow:none;\n}\n.avia-image-container.av-av_image-2f39beba368ca99da48ed65799026697 .av-image-caption-overlay-center{\ncolor:#ffffff;\n}\n<\/style>\n<div  class='avia-image-container av-av_image-2f39beba368ca99da48ed65799026697 av-styling- avia-align-center  avia-builder-el-16  avia-builder-el-no-sibling '   itemprop=\"image\" itemscope=\"itemscope\" itemtype=\"https:\/\/schema.org\/ImageObject\" ><div class=\"avia-image-container-inner\"><div class=\"avia-image-overlay-wrap\"><img decoding=\"async\" fetchpriority=\"high\" class='wp-image-1760 avia-img-lazy-loading-not-1760 avia_image ' src=\"https:\/\/www.northern-explorers.com\/wp-content\/uploads\/2021\/02\/sven-scaled.jpg\" alt='' title='Icebreaker'  height=\"1707\" width=\"2560\"  itemprop=\"thumbnailUrl\" srcset=\"https:\/\/www.northern-explorers.com\/wp-content\/uploads\/2021\/02\/sven-scaled.jpg 2560w, https:\/\/www.northern-explorers.com\/wp-content\/uploads\/2021\/02\/sven-300x200.jpg 300w, https:\/\/www.northern-explorers.com\/wp-content\/uploads\/2021\/02\/sven-1030x687.jpg 1030w, https:\/\/www.northern-explorers.com\/wp-content\/uploads\/2021\/02\/sven-768x512.jpg 768w, https:\/\/www.northern-explorers.com\/wp-content\/uploads\/2021\/02\/sven-1536x1024.jpg 1536w, https:\/\/www.northern-explorers.com\/wp-content\/uploads\/2021\/02\/sven-2048x1365.jpg 2048w, https:\/\/www.northern-explorers.com\/wp-content\/uploads\/2021\/02\/sven-1500x1000.jpg 1500w, https:\/\/www.northern-explorers.com\/wp-content\/uploads\/2021\/02\/sven-705x470.jpg 705w\" sizes=\"(max-width: 2560px) 100vw, 2560px\" \/><\/div><\/div><\/div><\/div><div class='av-flex-placeholder'><\/div>\n<style type=\"text\/css\" data-created_by=\"avia_inline_auto\" id=\"style-css-av-av_one_half-037edd8f323ce572296e6effdc00eff9\">\n.flex_column.av-av_one_half-037edd8f323ce572296e6effdc00eff9{\nborder-radius:0px 0px 0px 0px;\npadding:0px 0px 0px 0px;\n}\n<\/style>\n<div  class='flex_column av-av_one_half-037edd8f323ce572296e6effdc00eff9 av_one_half  avia-builder-el-17  el_after_av_one_half  avia-builder-el-last  flex_column_table_cell av-equal-height-column av-align-middle av-zero-column-padding  column-top-margin'     ><section  class='av_textblock_section av-knivvuyy-1681d19d310ba76724f6c1659ed67192 '   itemscope=\"itemscope\" itemtype=\"https:\/\/schema.org\/CreativeWork\" ><div class='avia_textblock'  itemprop=\"text\" ><header class=\"item_header\">\n<header class=\"item_header\">\n<h4 class=\"item_title heading-style-4 visible-first visible\"><span class=\"item_title_part0 item_title_part_odd item_title_part_first_half item_title_part_first\">Sven<\/span> <span class=\"item_title_part1 item_title_part_even item_title_part_second_half\">Gust<\/span><\/h4>\n<\/header>\n<div class=\"item_introtext\">\n<div class=\"item_introtext\">\n<div class=\"item_introtext\">\n<p>Sven ist Gr\u00fcnder des Unternehmens. Das erste Mal war er als Kind in Skandinavien, seit 1995 dann j\u00e4hrlich f\u00fcr mehrere Monate in Norwegen.<\/p>\n<p>Mit \u00fcber 2.000 Tauchg\u00e4ngen in Norwegen und vielen hundert Tauchg\u00e4ngen in den anderen skandinavischen L\u00e4ndern, z\u00e4hlt er zu den erfahrensten Tauchern Nordeuropas.<\/p>\n<p>Sven spricht Deutsch, Englisch und Norwegisch und ist der Hauptexpeditionsguide bei Northern Explorers.<\/p>\n<\/div>\n<\/div>\n<\/div>\n<\/header>\n<\/div><\/section><\/div><\/div><!--close column table wrapper. Autoclose: 1 -->\n<\/p>\n","protected":false},"excerpt":{"rendered":"","protected":false},"author":1,"featured_media":0,"parent":0,"menu_order":0,"comment_status":"closed","ping_status":"closed","template":"","meta":{"footnotes":""},"class_list":["post-88","page","type-page","status-publish","hentry"],"yoast_head":"<!-- This site is optimized with the Yoast SEO plugin v27.2 - https:\/\/yoast.com\/product\/yoast-seo-wordpress\/ -->\n<title>\u00dcber uns | Northern Explorers<\/title>\n<meta name=\"robots\" content=\"index, follow, max-snippet:-1, max-image-preview:large, max-video-preview:-1\" \/>\n<link rel=\"canonical\" href=\"https:\/\/www.northern-explorers.com\/de\/ueber-uns\/\" \/>\n<meta property=\"og:locale\" content=\"de_DE\" \/>\n<meta property=\"og:type\" content=\"article\" \/>\n<meta property=\"og:title\" content=\"\u00dcber uns | Northern Explorers\" \/>\n<meta property=\"og:url\" content=\"https:\/\/www.northern-explorers.com\/de\/ueber-uns\/\" \/>\n<meta property=\"og:site_name\" content=\"Northern Explorers\" \/>\n<meta property=\"article:modified_time\" content=\"2021-06-01T15:01:52+00:00\" \/>\n<meta name=\"twitter:card\" content=\"summary_large_image\" \/>\n<meta name=\"twitter:label1\" content=\"Gesch\u00e4tzte Lesezeit\" \/>\n\t<meta name=\"twitter:data1\" content=\"4\u00a0Minuten\" \/>\n<script type=\"application\/ld+json\" class=\"yoast-schema-graph\">{\"@context\":\"https:\/\/schema.org\",\"@graph\":[{\"@type\":\"WebPage\",\"@id\":\"https:\/\/www.northern-explorers.com\/de\/ueber-uns\/\",\"url\":\"https:\/\/www.northern-explorers.com\/de\/ueber-uns\/\",\"name\":\"\u00dcber uns | Northern Explorers\",\"isPartOf\":{\"@id\":\"https:\/\/www.northern-explorers.com\/de\/#website\"},\"datePublished\":\"2020-11-30T09:30:05+00:00\",\"dateModified\":\"2021-06-01T15:01:52+00:00\",\"breadcrumb\":{\"@id\":\"https:\/\/www.northern-explorers.com\/de\/ueber-uns\/#breadcrumb\"},\"inLanguage\":\"de\",\"potentialAction\":[{\"@type\":\"ReadAction\",\"target\":[\"https:\/\/www.northern-explorers.com\/de\/ueber-uns\/\"]}]},{\"@type\":\"BreadcrumbList\",\"@id\":\"https:\/\/www.northern-explorers.com\/de\/ueber-uns\/#breadcrumb\",\"itemListElement\":[{\"@type\":\"ListItem\",\"position\":1,\"name\":\"Startseite\",\"item\":\"https:\/\/www.northern-explorers.com\/de\/startseite\/\"},{\"@type\":\"ListItem\",\"position\":2,\"name\":\"\u00dcber uns\"}]},{\"@type\":\"WebSite\",\"@id\":\"https:\/\/www.northern-explorers.com\/de\/#website\",\"url\":\"https:\/\/www.northern-explorers.com\/de\/\",\"name\":\"Northern Explorers\",\"description\":\"\",\"potentialAction\":[{\"@type\":\"SearchAction\",\"target\":{\"@type\":\"EntryPoint\",\"urlTemplate\":\"https:\/\/www.northern-explorers.com\/de\/?s={search_term_string}\"},\"query-input\":{\"@type\":\"PropertyValueSpecification\",\"valueRequired\":true,\"valueName\":\"search_term_string\"}}],\"inLanguage\":\"de\"}]}<\/script>\n<!-- \/ Yoast SEO plugin. -->","yoast_head_json":{"title":"\u00dcber uns | Northern Explorers","robots":{"index":"index","follow":"follow","max-snippet":"max-snippet:-1","max-image-preview":"max-image-preview:large","max-video-preview":"max-video-preview:-1"},"canonical":"https:\/\/www.northern-explorers.com\/de\/ueber-uns\/","og_locale":"de_DE","og_type":"article","og_title":"\u00dcber uns | Northern Explorers","og_url":"https:\/\/www.northern-explorers.com\/de\/ueber-uns\/","og_site_name":"Northern Explorers","article_modified_time":"2021-06-01T15:01:52+00:00","twitter_card":"summary_large_image","twitter_misc":{"Gesch\u00e4tzte Lesezeit":"4\u00a0Minuten"},"schema":{"@context":"https:\/\/schema.org","@graph":[{"@type":"WebPage","@id":"https:\/\/www.northern-explorers.com\/de\/ueber-uns\/","url":"https:\/\/www.northern-explorers.com\/de\/ueber-uns\/","name":"\u00dcber uns | Northern Explorers","isPartOf":{"@id":"https:\/\/www.northern-explorers.com\/de\/#website"},"datePublished":"2020-11-30T09:30:05+00:00","dateModified":"2021-06-01T15:01:52+00:00","breadcrumb":{"@id":"https:\/\/www.northern-explorers.com\/de\/ueber-uns\/#breadcrumb"},"inLanguage":"de","potentialAction":[{"@type":"ReadAction","target":["https:\/\/www.northern-explorers.com\/de\/ueber-uns\/"]}]},{"@type":"BreadcrumbList","@id":"https:\/\/www.northern-explorers.com\/de\/ueber-uns\/#breadcrumb","itemListElement":[{"@type":"ListItem","position":1,"name":"Startseite","item":"https:\/\/www.northern-explorers.com\/de\/startseite\/"},{"@type":"ListItem","position":2,"name":"\u00dcber uns"}]},{"@type":"WebSite","@id":"https:\/\/www.northern-explorers.com\/de\/#website","url":"https:\/\/www.northern-explorers.com\/de\/","name":"Northern Explorers","description":"","potentialAction":[{"@type":"SearchAction","target":{"@type":"EntryPoint","urlTemplate":"https:\/\/www.northern-explorers.com\/de\/?s={search_term_string}"},"query-input":{"@type":"PropertyValueSpecification","valueRequired":true,"valueName":"search_term_string"}}],"inLanguage":"de"}]}},"_links":{"self":[{"href":"https:\/\/www.northern-explorers.com\/de\/wp-json\/wp\/v2\/pages\/88","targetHints":{"allow":["GET"]}}],"collection":[{"href":"https:\/\/www.northern-explorers.com\/de\/wp-json\/wp\/v2\/pages"}],"about":[{"href":"https:\/\/www.northern-explorers.com\/de\/wp-json\/wp\/v2\/types\/page"}],"author":[{"embeddable":true,"href":"https:\/\/www.northern-explorers.com\/de\/wp-json\/wp\/v2\/users\/1"}],"replies":[{"embeddable":true,"href":"https:\/\/www.northern-explorers.com\/de\/wp-json\/wp\/v2\/comments?post=88"}],"version-history":[{"count":15,"href":"https:\/\/www.northern-explorers.com\/de\/wp-json\/wp\/v2\/pages\/88\/revisions"}],"predecessor-version":[{"id":3674,"href":"https:\/\/www.northern-explorers.com\/de\/wp-json\/wp\/v2\/pages\/88\/revisions\/3674"}],"wp:attachment":[{"href":"https:\/\/www.northern-explorers.com\/de\/wp-json\/wp\/v2\/media?parent=88"}],"curies":[{"name":"wp","href":"https:\/\/api.w.org\/{rel}","templated":true}]}}